{"id":67,"date":"2017-08-22T08:52:25","date_gmt":"2017-08-22T06:52:25","guid":{"rendered":"http:\/\/www.fairmanager.de\/?page_id=67"},"modified":"2025-09-01T09:41:29","modified_gmt":"2025-09-01T07:41:29","slug":"kontakts","status":"publish","type":"page","link":"https:\/\/fairmanager.de\/en\/kontakts\/","title":{"rendered":"Contact"},"content":{"rendered":"<div data-elementor-type=\"wp-page\" data-elementor-id=\"67\" class=\"elementor elementor-67\" data-elementor-post-type=\"page\">\n\t\t\t\t\t\t<section class=\"elementor-section elementor-top-section elementor-element elementor-element-496a0710 elementor-section-boxed elementor-section-height-default elementor-section-height-default\" data-id=\"496a0710\" data-element_type=\"section\" data-e-type=\"section\">\n\t\t\t\t\t\t<div class=\"elementor-container elementor-column-gap-default\">\n\t\t\t\t\t<div class=\"elementor-column elementor-col-100 elementor-top-column elementor-element elementor-element-7b34f66f\" data-id=\"7b34f66f\" data-element_type=\"column\" data-e-type=\"column\">\n\t\t\t<div class=\"elementor-widget-wrap elementor-element-populated\">\n\t\t\t\t\t\t<div class=\"elementor-element elementor-element-84738a0 elementor-widget elementor-widget-text-editor\" data-id=\"84738a0\" data-element_type=\"widget\" data-e-type=\"widget\" data-widget_type=\"text-editor.default\">\n\t\t\t\t<div class=\"elementor-widget-container\">\n\t\t\t\t\t\t\t\t\t<h2>We look forward to hearing from you<\/h2><p>Would you like to know more about what we can do for you, do you have a question on a specific topic or would you like to visit us? Then get in touch with us right away.<\/p>\t\t\t\t\t\t\t\t<\/div>\n\t\t\t\t<\/div>\n\t\t\t\t\t<\/div>\n\t\t<\/div>\n\t\t\t\t\t<\/div>\n\t\t<\/section>\n\t\t\t\t<section class=\"elementor-section elementor-top-section elementor-element elementor-element-1b3827c elementor-section-full_width elementor-section-height-default elementor-section-height-default\" data-id=\"1b3827c\" data-element_type=\"section\" data-e-type=\"section\">\n\t\t\t\t\t\t<div class=\"elementor-container elementor-column-gap-default\">\n\t\t\t\t\t<div class=\"elementor-column elementor-col-100 elementor-top-column elementor-element elementor-element-65e4401\" data-id=\"65e4401\" data-element_type=\"column\" data-e-type=\"column\">\n\t\t\t<div class=\"elementor-widget-wrap elementor-element-populated\">\n\t\t\t\t\t\t<div class=\"elementor-element elementor-element-b880df2 elementor-widget elementor-widget-shortcode\" data-id=\"b880df2\" data-element_type=\"widget\" data-e-type=\"widget\" data-widget_type=\"shortcode.default\">\n\t\t\t\t<div class=\"elementor-widget-container\">\n\t\t\t\t\t\t\t<div class=\"elementor-shortcode\">\t\t<div data-elementor-type=\"section\" data-elementor-id=\"30540\" class=\"elementor elementor-30540\" data-elementor-post-type=\"elementor_library\">\n\t\t\t\t\t<section class=\"elementor-section elementor-top-section elementor-element elementor-element-b9a2e6f elementor-section-boxed elementor-section-height-default elementor-section-height-default\" data-id=\"b9a2e6f\" data-element_type=\"section\" data-e-type=\"section\">\n\t\t\t\t\t\t<div class=\"elementor-container elementor-column-gap-default\">\n\t\t\t\t\t<div class=\"elementor-column elementor-col-100 elementor-top-column elementor-element elementor-element-03ebdd0\" data-id=\"03ebdd0\" data-element_type=\"column\" data-e-type=\"column\">\n\t\t\t<div class=\"elementor-widget-wrap elementor-element-populated\">\n\t\t\t\t\t\t<div class=\"elementor-element elementor-element-a2a4d06 elementor-widget elementor-widget-html\" data-id=\"a2a4d06\" data-element_type=\"widget\" data-e-type=\"widget\" data-widget_type=\"html.default\">\n\t\t\t\t<div class=\"elementor-widget-container\">\n\t\t\t\t\t<div class=\"map-placeholder-wrap\" >\n\n<div class=\"icon-container\">\n            <svg class=\"cookie-icon\" viewbox=\"0 0 24 24\">\n                <path d=\"M12 2C13.1 2 14 2.9 14 4C14 5.1 13.1 6 12 6C10.9 6 10 5.1 10 4C10 2.9 10.9 2 12 2ZM21 9V7L15 1H5C3.89 1 3 1.89 3 3V21C3 22.1 3.9 23 5 23H19C20.1 23 21 22.1 21 21V9M19 21H5V3H13V9H19V21ZM6 18V16H8V18H6M13 18V16H15V18H13M6 14V12H8V14H6M13 14V12H15V14H13M6 10V8H8V10H6M13 10V8H15V10H13Z\"\/>\n            <\/svg>\n        <\/div>\n\n\n<h2>Contact form blocked! Please allow cookies (Google ReCAPTCHA).<\/h2>\n\n<p class=\"subtitle\">We require your permission to activate the contact form.<\/p>\n        \n        <p class=\"description\">\n            In order to provide you with the best experience and to ensure the proper functionality of our \ncontact form, we need to store some important information with the help of \ncookies. These cookies help us to process your requests efficiently and securely.\n        <\/p>\n        \n<\/div>        \t\t\t\t<\/div>\n\t\t\t\t<\/div>\n\t\t\t\t<div class=\"elementor-element elementor-element-f4a18b1 text-center kontakt-place-holder-button elementor-widget elementor-widget-shortcode\" data-id=\"f4a18b1\" data-element_type=\"widget\" data-e-type=\"widget\" data-widget_type=\"shortcode.default\">\n\t\t\t\t<div class=\"elementor-widget-container\">\n\t\t\t\t\t\t\t<div class=\"elementor-shortcode\"><a class=\"cookie-einstellungen-button-karriere-kontakt-page\" href=\"#\" onclick=\"gdprReopenModal(); return false;\">Cookie settings<\/a><\/div>\n\t\t\t\t\t\t<\/div>\n\t\t\t\t<\/div>\n\t\t\t\t\t<\/div>\n\t\t<\/div>\n\t\t\t\t\t<\/div>\n\t\t<\/section>\n\t\t\t\t<\/div>\n\t\t<\/div>\n\t\t\t\t\t\t<\/div>\n\t\t\t\t<\/div>\n\t\t\t\t<div class=\"elementor-element elementor-element-84f4c51 elementor-widget-divider--view-line elementor-widget elementor-widget-divider\" data-id=\"84f4c51\" data-element_type=\"widget\" data-e-type=\"widget\" data-widget_type=\"divider.default\">\n\t\t\t\t<div class=\"elementor-widget-container\">\n\t\t\t\t\t\t\t<div class=\"elementor-divider\">\n\t\t\t<span class=\"elementor-divider-separator\">\n\t\t\t\t\t\t<\/span>\n\t\t<\/div>\n\t\t\t\t\t\t<\/div>\n\t\t\t\t<\/div>\n\t\t\t\t\t<\/div>\n\t\t<\/div>\n\t\t\t\t\t<\/div>\n\t\t<\/section>\n\t\t\t\t<section class=\"elementor-section elementor-top-section elementor-element elementor-element-ae0bdac elementor-section-boxed elementor-section-height-default elementor-section-height-default\" data-id=\"ae0bdac\" data-element_type=\"section\" data-e-type=\"section\">\n\t\t\t\t\t\t<div class=\"elementor-container elementor-column-gap-default\">\n\t\t\t\t\t<div class=\"elementor-column elementor-col-100 elementor-top-column elementor-element elementor-element-c3a3cf5\" data-id=\"c3a3cf5\" data-element_type=\"column\" data-e-type=\"column\">\n\t\t\t<div class=\"elementor-widget-wrap elementor-element-populated\">\n\t\t\t\t\t\t<div class=\"elementor-element elementor-element-0838304 elementor-widget elementor-widget-shortcode\" data-id=\"0838304\" data-element_type=\"widget\" data-e-type=\"widget\" data-widget_type=\"shortcode.default\">\n\t\t\t\t<div class=\"elementor-widget-container\">\n\t\t\t\t\t\t\t<div class=\"elementor-shortcode\">\t\t<div data-elementor-type=\"section\" data-elementor-id=\"30526\" class=\"elementor elementor-30526\" data-elementor-post-type=\"elementor_library\">\n\t\t\t\t\t<section class=\"elementor-section elementor-top-section elementor-element elementor-element-b9a2e6f elementor-section-boxed elementor-section-height-default elementor-section-height-default\" data-id=\"b9a2e6f\" data-element_type=\"section\" data-e-type=\"section\">\n\t\t\t\t\t\t<div class=\"elementor-container elementor-column-gap-default\">\n\t\t\t\t\t<div class=\"elementor-column elementor-col-100 elementor-top-column elementor-element elementor-element-03ebdd0\" data-id=\"03ebdd0\" data-element_type=\"column\" data-e-type=\"column\">\n\t\t\t<div class=\"elementor-widget-wrap elementor-element-populated\">\n\t\t\t\t\t\t<div class=\"elementor-element elementor-element-a2a4d06 elementor-widget elementor-widget-html\" data-id=\"a2a4d06\" data-element_type=\"widget\" data-e-type=\"widget\" data-widget_type=\"html.default\">\n\t\t\t\t<div class=\"elementor-widget-container\">\n\t\t\t\t\t<div class=\"map-placeholder-wrap\" >\n\n<div class=\"map-icon-container\">\n    <svg class=\"map-icon\" viewbox=\"0 0 24 24\">\n        <path d=\"M12,11.5A2.5,2.5 0 0,1 9.5,9A2.5,2.5 0 0,1 12,6.5A2.5,2.5 0 0,1 14.5,9A2.5,2.5 0 0,1 12,11.5M12,2A7,7 0 0,0 5,9C5,14.25 12,22 12,22S19,14.25 19,9A7,7 0 0,0 12,2Z\"\/>\n    <\/svg>\n<\/div>\n\n\n<h2>Google Maps cookie permission<\/h2>\n\n<p class=\"subtitle\">We need your permission to display the map<\/p>\n        \n        <p class=\"description\">\n            In order to show you our interactive Google Maps map, we need to load external \ncookies from Google. These enable us to provide you with our location \nand directions.\n        <\/p>\n        \n<\/div>        \t\t\t\t<\/div>\n\t\t\t\t<\/div>\n\t\t\t\t<div class=\"elementor-element elementor-element-20c07e3 text-center kontakt-place-holder-button elementor-widget elementor-widget-shortcode\" data-id=\"20c07e3\" data-element_type=\"widget\" data-e-type=\"widget\" data-widget_type=\"shortcode.default\">\n\t\t\t\t<div class=\"elementor-widget-container\">\n\t\t\t\t\t\t\t<div class=\"elementor-shortcode\"><a class=\"cookie-einstellungen-button-karriere-kontakt-page\" href=\"#\" onclick=\"gdprReopenModal(); return false;\">Cookie settings<\/a><\/div>\n\t\t\t\t\t\t<\/div>\n\t\t\t\t<\/div>\n\t\t\t\t\t<\/div>\n\t\t<\/div>\n\t\t\t\t\t<\/div>\n\t\t<\/section>\n\t\t\t\t<\/div>\n\t\t<\/div>\n\t\t\t\t\t\t<\/div>\n\t\t\t\t<\/div>\n\t\t\t\t<div class=\"elementor-element elementor-element-f6bf0c8 elementor-widget elementor-widget-spacer\" data-id=\"f6bf0c8\" data-element_type=\"widget\" data-e-type=\"widget\" data-widget_type=\"spacer.default\">\n\t\t\t\t<div class=\"elementor-widget-container\">\n\t\t\t\t\t\t\t<div class=\"elementor-spacer\">\n\t\t\t<div class=\"elementor-spacer-inner\"><\/div>\n\t\t<\/div>\n\t\t\t\t\t\t<\/div>\n\t\t\t\t<\/div>\n\t\t\t\t<section class=\"elementor-section elementor-inner-section elementor-element elementor-element-d099350 elementor-section-boxed elementor-section-height-default elementor-section-height-default\" data-id=\"d099350\" data-element_type=\"section\" data-e-type=\"section\" data-settings=\"{&quot;background_background&quot;:&quot;classic&quot;}\">\n\t\t\t\t\t\t<div class=\"elementor-container elementor-column-gap-default\">\n\t\t\t\t\t<div class=\"elementor-column elementor-col-50 elementor-inner-column elementor-element elementor-element-821eb6b\" data-id=\"821eb6b\" data-element_type=\"column\" data-e-type=\"column\">\n\t\t\t<div class=\"elementor-widget-wrap elementor-element-populated\">\n\t\t\t\t\t\t<div class=\"elementor-element elementor-element-1414ecd elementor-position-inline-start elementor-view-stacked elementor-shape-circle elementor-mobile-position-block-start elementor-widget elementor-widget-icon-box\" data-id=\"1414ecd\" data-element_type=\"widget\" data-e-type=\"widget\" data-widget_type=\"icon-box.default\">\n\t\t\t\t<div class=\"elementor-widget-container\">\n\t\t\t\t\t\t\t<div class=\"elementor-icon-box-wrapper\">\n\n\t\t\t\t\t\t<div class=\"elementor-icon-box-icon\">\n\t\t\t\t<a href=\"tel:+4957229547510\" class=\"elementor-icon elementor-animation-grow\" tabindex=\"-1\" aria-label=\"+49 (0)5722 \/ 954751-0\">\n\t\t\t\t<i aria-hidden=\"true\" class=\"fas fa-phone-alt\"><\/i>\t\t\t\t<\/a>\n\t\t\t<\/div>\n\t\t\t\n\t\t\t\t\t\t<div class=\"elementor-icon-box-content\">\n\n\t\t\t\t\t\t\t\t\t<h4 class=\"elementor-icon-box-title\">\n\t\t\t\t\t\t<a href=\"tel:+4957229547510\" >\n\t\t\t\t\t\t\t+49 (0)5722 \/ 954751-0\t\t\t\t\t\t<\/a>\n\t\t\t\t\t<\/h4>\n\t\t\t\t\n\t\t\t\t\n\t\t\t<\/div>\n\t\t\t\n\t\t<\/div>\n\t\t\t\t\t\t<\/div>\n\t\t\t\t<\/div>\n\t\t\t\t\t<\/div>\n\t\t<\/div>\n\t\t\t\t<div class=\"elementor-column elementor-col-50 elementor-inner-column elementor-element elementor-element-117a902\" data-id=\"117a902\" data-element_type=\"column\" data-e-type=\"column\">\n\t\t\t<div class=\"elementor-widget-wrap elementor-element-populated\">\n\t\t\t\t\t\t<div class=\"elementor-element elementor-element-a2bfefd elementor-position-inline-start elementor-view-stacked elementor-shape-circle elementor-mobile-position-block-start elementor-widget elementor-widget-icon-box\" data-id=\"a2bfefd\" data-element_type=\"widget\" data-e-type=\"widget\" data-widget_type=\"icon-box.default\">\n\t\t\t\t<div class=\"elementor-widget-container\">\n\t\t\t\t\t\t\t<div class=\"elementor-icon-box-wrapper\">\n\n\t\t\t\t\t\t<div class=\"elementor-icon-box-icon\">\n\t\t\t\t<a href=\"javascript:secureDecryptAndNavigate('rSYPaWZMRjP46ul0GtlccalT1bL6ioHweGDnP5Sw72pEOQCUOCSkggi2j0sY64PjoqlKHrDhU1aH0dS6MhuwLMYVX5oNn59vMd8=', 'e2bdf1546705aaf601fb98302053b89c4c853d96280dae3d7b4308bb4cfae8f3')\" class=\"elementor-icon elementor-animation-grow\" tabindex=\"-1\" aria-label=\"&#105;&#110;&#102;&#111;&#64;&#102;ai&#114;&#109;an&#97;ge&#114;.&#100;&#101;\">\n\t\t\t\t<i aria-hidden=\"true\" class=\"fas fa-envelope\"><\/i>\t\t\t\t<\/a>\n\t\t\t<\/div>\n\t\t\t\n\t\t\t\t\t\t<div class=\"elementor-icon-box-content\">\n\n\t\t\t\t\t\t\t\t\t<h4 class=\"elementor-icon-box-title\">\n\t\t\t\t\t\t<a href=\"javascript:secureDecryptAndNavigate('LqELx3IXAvd39N0Q98Olqgd9j5V0kGImG8U9P0kveb+A1Bwm3xkMu+cjUEKysVHpMCUrj70dnIlpJjRKkiT2ZwZnM6P85BwVS5s=', 'e2bdf1546705aaf601fb98302053b89c4c853d96280dae3d7b4308bb4cfae8f3')\" >\n\t\t\t\t\t\t\t<a href=\"javascript:secureDecryptAndNavigate('LqELx3IXAvd39N0Q98Olqgd9j5V0kGImG8U9P0kveb+A1Bwm3xkMu+cjUEKysVHpMCUrj70dnIlpJjRKkiT2ZwZnM6P85BwVS5s=', 'e2bdf1546705aaf601fb98302053b89c4c853d96280dae3d7b4308bb4cfae8f3')\">&#105;nf&#111;&#64;f&#97;i&#114;manage&#114;&#46;d&#101;<\/a>\t\t\t\t\t\t<\/a>\n\t\t\t\t\t<\/h4>\n\t\t\t\t\n\t\t\t\t\n\t\t\t<\/div>\n\t\t\t\n\t\t<\/div>\n\t\t\t\t\t\t<\/div>\n\t\t\t\t<\/div>\n\t\t\t\t\t<\/div>\n\t\t<\/div>\n\t\t\t\t\t<\/div>\n\t\t<\/section>\n\t\t\t\t\t<\/div>\n\t\t<\/div>\n\t\t\t\t\t<\/div>\n\t\t<\/section>\n\t\t\t\t<\/div>","protected":false},"excerpt":{"rendered":"<p>Wir freuen uns von Ihnen zu h\u00f6ren M\u00f6chten Sie mehr dar\u00fcber wissen, was wir f\u00fcr Sie tun k\u00f6nnen, haben Sie eine Frage zu einem bestimmten [&hellip;]<\/p>\n","protected":false},"author":7,"featured_media":19794,"parent":0,"menu_order":5,"comment_status":"closed","ping_status":"closed","template":"","meta":{"_acf_changed":false,"site-sidebar-layout":"default","site-content-layout":"default","ast-site-content-layout":"default","site-content-style":"default","site-sidebar-style":"default","ast-global-header-display":"","ast-banner-title-visibility":"","ast-main-header-display":"","ast-hfb-above-header-display":"","ast-hfb-below-header-display":"","ast-hfb-mobile-header-display":"","site-post-title":"disabled","ast-breadcrumbs-content":"","ast-featured-img":"","footer-sml-layout":"","ast-disable-related-posts":"","theme-transparent-header-meta":"default","adv-header-id-meta":"","stick-header-meta":"default","header-above-stick-meta":"","header-main-stick-meta":"","header-below-stick-meta":"","astra-migrate-meta-layouts":"default","ast-page-background-enabled":"default","ast-page-background-meta":{"desktop":{"background-color":"","background-image":"","background-repeat":"repeat","background-position":"center center","background-size":"auto","background-attachment":"scroll","background-type":"","background-media":"","overlay-type":"","overlay-color":"","overlay-opacity":"","overlay-gradient":""},"tablet":{"background-color":"","background-image":"","background-repeat":"repeat","background-position":"center center","background-size":"auto","background-attachment":"scroll","background-type":"","background-media":"","overlay-type":"","overlay-color":"","overlay-opacity":"","overlay-gradient":""},"mobile":{"background-color":"","background-image":"","background-repeat":"repeat","background-position":"center center","background-size":"auto","background-attachment":"scroll","background-type":"","background-media":"","overlay-type":"","overlay-color":"","overlay-opacity":"","overlay-gradient":""}},"ast-content-background-meta":{"desktop":{"background-color":"var(--ast-global-color-5)","background-image":"","background-repeat":"repeat","background-position":"center center","background-size":"auto","background-attachment":"scroll","background-type":"","background-media":"","overlay-type":"","overlay-color":"","overlay-opacity":"","overlay-gradient":""},"tablet":{"background-color":"var(--ast-global-color-5)","background-image":"","background-repeat":"repeat","background-position":"center center","background-size":"auto","background-attachment":"scroll","background-type":"","background-media":"","overlay-type":"","overlay-color":"","overlay-opacity":"","overlay-gradient":""},"mobile":{"background-color":"var(--ast-global-color-5)","background-image":"","background-repeat":"repeat","background-position":"center center","background-size":"auto","background-attachment":"scroll","background-type":"","background-media":"","overlay-type":"","overlay-color":"","overlay-opacity":"","overlay-gradient":""}},"footnotes":""},"class_list":["post-67","page","type-page","status-publish","has-post-thumbnail","hentry"],"acf":[],"yoast_head":"<!-- This site is optimized with the Yoast SEO Premium plugin v27.2 (Yoast SEO v27.4) - https:\/\/yoast.com\/product\/yoast-seo-premium-wordpress\/ -->\n<title>Kontakt - FairManager<\/title>\n<meta name=\"description\" content=\"Haben Sie Fragen zu einem bestimmten Thema oder m\u00f6chten Sie uns besuchen? Dann nehmen Sie gleich Kontakt zu uns auf \u2013 wir freuen uns auf Sie!\" \/>\n<meta name=\"robots\" content=\"index, follow, max-snippet:-1, max-image-preview:large, max-video-preview:-1\" \/>\n<link rel=\"canonical\" href=\"https:\/\/fairmanager.de\/en\/kontakts\/\" \/>\n<meta property=\"og:locale\" content=\"en_GB\" \/>\n<meta property=\"og:type\" content=\"article\" \/>\n<meta property=\"og:title\" content=\"Kontakt\" \/>\n<meta property=\"og:description\" content=\"Haben Sie Fragen zu einem bestimmten Thema oder m\u00f6chten Sie uns besuchen? Dann nehmen Sie gleich Kontakt zu uns auf \u2013 wir freuen uns auf Sie!\" \/>\n<meta property=\"og:url\" content=\"https:\/\/fairmanager.de\/en\/kontakts\/\" \/>\n<meta property=\"og:site_name\" content=\"FairManager\" \/>\n<meta property=\"article:publisher\" content=\"https:\/\/www.facebook.com\/FairManager\" \/>\n<meta property=\"article:modified_time\" content=\"2025-09-01T07:41:29+00:00\" \/>\n<meta property=\"og:image\" content=\"https:\/\/fairmanager.de\/wp-content\/uploads\/2022\/04\/shutterstock_1159696894-1.jpg\" \/>\n\t<meta property=\"og:image:width\" content=\"2300\" \/>\n\t<meta property=\"og:image:height\" content=\"794\" \/>\n\t<meta property=\"og:image:type\" content=\"image\/jpeg\" \/>\n<meta name=\"twitter:card\" content=\"summary_large_image\" \/>\n<meta name=\"twitter:label1\" content=\"Estimated reading time\" \/>\n\t<meta name=\"twitter:data1\" content=\"1 minute\" \/>\n<script type=\"application\/ld+json\" class=\"yoast-schema-graph\">{\"@context\":\"https:\\\/\\\/schema.org\",\"@graph\":[{\"@type\":\"WebPage\",\"@id\":\"https:\\\/\\\/fairmanager.de\\\/kontakts\\\/\",\"url\":\"https:\\\/\\\/fairmanager.de\\\/kontakts\\\/\",\"name\":\"Kontakt - FairManager\",\"isPartOf\":{\"@id\":\"https:\\\/\\\/fairmanager.de\\\/#website\"},\"primaryImageOfPage\":{\"@id\":\"https:\\\/\\\/fairmanager.de\\\/kontakts\\\/#primaryimage\"},\"image\":{\"@id\":\"https:\\\/\\\/fairmanager.de\\\/kontakts\\\/#primaryimage\"},\"thumbnailUrl\":\"https:\\\/\\\/fairmanager.de\\\/wp-content\\\/uploads\\\/2022\\\/04\\\/shutterstock_1159696894-1.jpg\",\"datePublished\":\"2017-08-22T06:52:25+00:00\",\"dateModified\":\"2025-09-01T07:41:29+00:00\",\"description\":\"Haben Sie Fragen zu einem bestimmten Thema oder m\u00f6chten Sie uns besuchen? Dann nehmen Sie gleich Kontakt zu uns auf \u2013 wir freuen uns auf Sie!\",\"breadcrumb\":{\"@id\":\"https:\\\/\\\/fairmanager.de\\\/kontakts\\\/#breadcrumb\"},\"inLanguage\":\"en-GB\",\"potentialAction\":[{\"@type\":\"ReadAction\",\"target\":[\"https:\\\/\\\/fairmanager.de\\\/kontakts\\\/\"]}]},{\"@type\":\"ImageObject\",\"inLanguage\":\"en-GB\",\"@id\":\"https:\\\/\\\/fairmanager.de\\\/kontakts\\\/#primaryimage\",\"url\":\"https:\\\/\\\/fairmanager.de\\\/wp-content\\\/uploads\\\/2022\\\/04\\\/shutterstock_1159696894-1.jpg\",\"contentUrl\":\"https:\\\/\\\/fairmanager.de\\\/wp-content\\\/uploads\\\/2022\\\/04\\\/shutterstock_1159696894-1.jpg\",\"width\":2300,\"height\":794,\"caption\":\"Online Registrierung\"},{\"@type\":\"BreadcrumbList\",\"@id\":\"https:\\\/\\\/fairmanager.de\\\/kontakts\\\/#breadcrumb\",\"itemListElement\":[{\"@type\":\"ListItem\",\"position\":1,\"name\":\"Startseite\",\"item\":\"https:\\\/\\\/fairmanager.de\\\/\"},{\"@type\":\"ListItem\",\"position\":2,\"name\":\"Kontakt\"}]},{\"@type\":\"WebSite\",\"@id\":\"https:\\\/\\\/fairmanager.de\\\/#website\",\"url\":\"https:\\\/\\\/fairmanager.de\\\/\",\"name\":\"FairManager\",\"description\":\"Messeorganisation par excellence!\",\"publisher\":{\"@id\":\"https:\\\/\\\/fairmanager.de\\\/#organization\"},\"potentialAction\":[{\"@type\":\"SearchAction\",\"target\":{\"@type\":\"EntryPoint\",\"urlTemplate\":\"https:\\\/\\\/fairmanager.de\\\/?s={search_term_string}\"},\"query-input\":{\"@type\":\"PropertyValueSpecification\",\"valueRequired\":true,\"valueName\":\"search_term_string\"}}],\"inLanguage\":\"en-GB\"},{\"@type\":\"Organization\",\"@id\":\"https:\\\/\\\/fairmanager.de\\\/#organization\",\"name\":\"FairManager\",\"url\":\"https:\\\/\\\/fairmanager.de\\\/\",\"logo\":{\"@type\":\"ImageObject\",\"inLanguage\":\"en-GB\",\"@id\":\"https:\\\/\\\/fairmanager.de\\\/#\\\/schema\\\/logo\\\/image\\\/\",\"url\":\"https:\\\/\\\/fairmanager.de\\\/wp-content\\\/uploads\\\/2017\\\/10\\\/logo_dark_transparent_720x200.png\",\"contentUrl\":\"https:\\\/\\\/fairmanager.de\\\/wp-content\\\/uploads\\\/2017\\\/10\\\/logo_dark_transparent_720x200.png\",\"width\":720,\"height\":200,\"caption\":\"FairManager\"},\"image\":{\"@id\":\"https:\\\/\\\/fairmanager.de\\\/#\\\/schema\\\/logo\\\/image\\\/\"},\"sameAs\":[\"https:\\\/\\\/www.facebook.com\\\/FairManager\",\"https:\\\/\\\/www.linkedin.com\\\/company\\\/fairmanager\\\/\",\"https:\\\/\\\/www.youtube.com\\\/channel\\\/UCsx8T4w_D2iBOGQtqY2EV_Q\"]}]}<\/script>\n<!-- \/ Yoast SEO Premium plugin. -->","yoast_head_json":{"title":"Kontakt - FairManager","description":"Haben Sie Fragen zu einem bestimmten Thema oder m\u00f6chten Sie uns besuchen? Dann nehmen Sie gleich Kontakt zu uns auf \u2013 wir freuen uns auf Sie!","robots":{"index":"index","follow":"follow","max-snippet":"max-snippet:-1","max-image-preview":"max-image-preview:large","max-video-preview":"max-video-preview:-1"},"canonical":"https:\/\/fairmanager.de\/en\/kontakts\/","og_locale":"en_GB","og_type":"article","og_title":"Kontakt","og_description":"Haben Sie Fragen zu einem bestimmten Thema oder m\u00f6chten Sie uns besuchen? Dann nehmen Sie gleich Kontakt zu uns auf \u2013 wir freuen uns auf Sie!","og_url":"https:\/\/fairmanager.de\/en\/kontakts\/","og_site_name":"FairManager","article_publisher":"https:\/\/www.facebook.com\/FairManager","article_modified_time":"2025-09-01T07:41:29+00:00","og_image":[{"width":2300,"height":794,"url":"https:\/\/fairmanager.de\/wp-content\/uploads\/2022\/04\/shutterstock_1159696894-1.jpg","type":"image\/jpeg"}],"twitter_card":"summary_large_image","twitter_misc":{"Estimated reading time":"1 minute"},"schema":{"@context":"https:\/\/schema.org","@graph":[{"@type":"WebPage","@id":"https:\/\/fairmanager.de\/kontakts\/","url":"https:\/\/fairmanager.de\/kontakts\/","name":"Kontakt - FairManager","isPartOf":{"@id":"https:\/\/fairmanager.de\/#website"},"primaryImageOfPage":{"@id":"https:\/\/fairmanager.de\/kontakts\/#primaryimage"},"image":{"@id":"https:\/\/fairmanager.de\/kontakts\/#primaryimage"},"thumbnailUrl":"https:\/\/fairmanager.de\/wp-content\/uploads\/2022\/04\/shutterstock_1159696894-1.jpg","datePublished":"2017-08-22T06:52:25+00:00","dateModified":"2025-09-01T07:41:29+00:00","description":"Haben Sie Fragen zu einem bestimmten Thema oder m\u00f6chten Sie uns besuchen? Dann nehmen Sie gleich Kontakt zu uns auf \u2013 wir freuen uns auf Sie!","breadcrumb":{"@id":"https:\/\/fairmanager.de\/kontakts\/#breadcrumb"},"inLanguage":"en-GB","potentialAction":[{"@type":"ReadAction","target":["https:\/\/fairmanager.de\/kontakts\/"]}]},{"@type":"ImageObject","inLanguage":"en-GB","@id":"https:\/\/fairmanager.de\/kontakts\/#primaryimage","url":"https:\/\/fairmanager.de\/wp-content\/uploads\/2022\/04\/shutterstock_1159696894-1.jpg","contentUrl":"https:\/\/fairmanager.de\/wp-content\/uploads\/2022\/04\/shutterstock_1159696894-1.jpg","width":2300,"height":794,"caption":"Online Registrierung"},{"@type":"BreadcrumbList","@id":"https:\/\/fairmanager.de\/kontakts\/#breadcrumb","itemListElement":[{"@type":"ListItem","position":1,"name":"Startseite","item":"https:\/\/fairmanager.de\/"},{"@type":"ListItem","position":2,"name":"Kontakt"}]},{"@type":"WebSite","@id":"https:\/\/fairmanager.de\/#website","url":"https:\/\/fairmanager.de\/","name":"FairManager","description":"Messeorganisation par excellence!","publisher":{"@id":"https:\/\/fairmanager.de\/#organization"},"potentialAction":[{"@type":"SearchAction","target":{"@type":"EntryPoint","urlTemplate":"https:\/\/fairmanager.de\/?s={search_term_string}"},"query-input":{"@type":"PropertyValueSpecification","valueRequired":true,"valueName":"search_term_string"}}],"inLanguage":"en-GB"},{"@type":"Organization","@id":"https:\/\/fairmanager.de\/#organization","name":"FairManager","url":"https:\/\/fairmanager.de\/","logo":{"@type":"ImageObject","inLanguage":"en-GB","@id":"https:\/\/fairmanager.de\/#\/schema\/logo\/image\/","url":"https:\/\/fairmanager.de\/wp-content\/uploads\/2017\/10\/logo_dark_transparent_720x200.png","contentUrl":"https:\/\/fairmanager.de\/wp-content\/uploads\/2017\/10\/logo_dark_transparent_720x200.png","width":720,"height":200,"caption":"FairManager"},"image":{"@id":"https:\/\/fairmanager.de\/#\/schema\/logo\/image\/"},"sameAs":["https:\/\/www.facebook.com\/FairManager","https:\/\/www.linkedin.com\/company\/fairmanager\/","https:\/\/www.youtube.com\/channel\/UCsx8T4w_D2iBOGQtqY2EV_Q"]}]}},"_links":{"self":[{"href":"https:\/\/fairmanager.de\/en\/wp-json\/wp\/v2\/pages\/67","targetHints":{"allow":["GET"]}}],"collection":[{"href":"https:\/\/fairmanager.de\/en\/wp-json\/wp\/v2\/pages"}],"about":[{"href":"https:\/\/fairmanager.de\/en\/wp-json\/wp\/v2\/types\/page"}],"author":[{"embeddable":true,"href":"https:\/\/fairmanager.de\/en\/wp-json\/wp\/v2\/users\/7"}],"replies":[{"embeddable":true,"href":"https:\/\/fairmanager.de\/en\/wp-json\/wp\/v2\/comments?post=67"}],"version-history":[{"count":194,"href":"https:\/\/fairmanager.de\/en\/wp-json\/wp\/v2\/pages\/67\/revisions"}],"predecessor-version":[{"id":31479,"href":"https:\/\/fairmanager.de\/en\/wp-json\/wp\/v2\/pages\/67\/revisions\/31479"}],"wp:featuredmedia":[{"embeddable":true,"href":"https:\/\/fairmanager.de\/en\/wp-json\/wp\/v2\/media\/19794"}],"wp:attachment":[{"href":"https:\/\/fairmanager.de\/en\/wp-json\/wp\/v2\/media?parent=67"}],"curies":[{"name":"wp","href":"https:\/\/api.w.org\/{rel}","templated":true}]}}