{"id":75,"date":"2017-08-22T09:26:42","date_gmt":"2017-08-22T07:26:42","guid":{"rendered":"http:\/\/www.fairmanager.de\/?page_id=75"},"modified":"2026-01-22T09:48:35","modified_gmt":"2026-01-22T08:48:35","slug":"impressum","status":"publish","type":"page","link":"https:\/\/fairmanager.de\/en\/impressum\/","title":{"rendered":"Imprint"},"content":{"rendered":"<div data-elementor-type=\"wp-page\" data-elementor-id=\"75\" class=\"elementor elementor-75\" data-elementor-post-type=\"page\">\n\t\t\t\t\t\t<section class=\"elementor-section elementor-top-section elementor-element elementor-element-2f20697 elementor-section-boxed elementor-section-height-default elementor-section-height-default\" data-id=\"2f20697\" data-element_type=\"section\" data-e-type=\"section\">\n\t\t\t\t\t\t<div class=\"elementor-container elementor-column-gap-default\">\n\t\t\t\t\t<div class=\"elementor-column elementor-col-100 elementor-top-column elementor-element elementor-element-1d813f9\" data-id=\"1d813f9\" data-element_type=\"column\" data-e-type=\"column\">\n\t\t\t<div class=\"elementor-widget-wrap elementor-element-populated\">\n\t\t\t\t\t\t<div class=\"elementor-element elementor-element-5114433 elementor-hidden-phone elementor-widget elementor-widget-text-editor\" data-id=\"5114433\" data-element_type=\"widget\" data-e-type=\"widget\" data-widget_type=\"text-editor.default\">\n\t\t\t\t<div class=\"elementor-widget-container\">\n\t\t\t\t\t\t\t\t\t<p>Die nachfolgenden Hinweise gelten f\u00fcr den Zugriff auf und die Nutzung der auf der Internetpr\u00e4senz www.fairmanager.de angebotenen Informationen und Materialien.<\/p>\t\t\t\t\t\t\t\t<\/div>\n\t\t\t\t<\/div>\n\t\t\t\t<div class=\"elementor-element elementor-element-ef74a6b elementor-widget elementor-widget-heading\" data-id=\"ef74a6b\" data-element_type=\"widget\" data-e-type=\"widget\" data-widget_type=\"heading.default\">\n\t\t\t\t<div class=\"elementor-widget-container\">\n\t\t\t\t\t<h2 class=\"elementor-heading-title elementor-size-default\">Imprint<\/h2>\t\t\t\t<\/div>\n\t\t\t\t<\/div>\n\t\t\t\t<section class=\"elementor-section elementor-inner-section elementor-element elementor-element-d3cd72b elementor-section-boxed elementor-section-height-default elementor-section-height-default\" data-id=\"d3cd72b\" data-element_type=\"section\" data-e-type=\"section\">\n\t\t\t\t\t\t<div class=\"elementor-container elementor-column-gap-default\">\n\t\t\t\t\t<div class=\"elementor-column elementor-col-50 elementor-inner-column elementor-element elementor-element-12e2961\" data-id=\"12e2961\" data-element_type=\"column\" data-e-type=\"column\">\n\t\t\t<div class=\"elementor-widget-wrap elementor-element-populated\">\n\t\t\t\t\t\t<div class=\"elementor-element elementor-element-9f46279 elementor-widget elementor-widget-text-editor\" data-id=\"9f46279\" data-element_type=\"widget\" data-e-type=\"widget\" data-widget_type=\"text-editor.default\">\n\t\t\t\t<div class=\"elementor-widget-container\">\n\t\t\t\t\t\t\t\t\t<h3>Hartburg GmbH &amp; Co. KG<\/h3><p>Dr.-Witte-Platz 9<br \/>31675 B\u00fcckeburg<br \/>DEUTSCHLAND<br \/>USt-IdNr.: DE29 790 23 51<br \/>HRA 200413 Amtsgericht Stadthagen<\/p>\t\t\t\t\t\t\t\t<\/div>\n\t\t\t\t<\/div>\n\t\t\t\t\t<\/div>\n\t\t<\/div>\n\t\t\t\t<div class=\"elementor-column elementor-col-50 elementor-inner-column elementor-element elementor-element-35aa60e\" data-id=\"35aa60e\" data-element_type=\"column\" data-e-type=\"column\">\n\t\t\t<div class=\"elementor-widget-wrap elementor-element-populated\">\n\t\t\t\t\t\t<div class=\"elementor-element elementor-element-ccb3795 elementor-widget elementor-widget-text-editor\" data-id=\"ccb3795\" data-element_type=\"widget\" data-e-type=\"widget\" data-widget_type=\"text-editor.default\">\n\t\t\t\t<div class=\"elementor-widget-container\">\n\t\t\t\t\t\t\t\t\t<h3>Pers. haftende Gesellschaft<\/h3><p><span style=\"color: #242424; font-family: 'Segoe UI', system-ui, 'Apple Color Emoji', 'Segoe UI Emoji', sans-serif; font-size: 14px; letter-spacing: normal;\">HSBH Verwaltungs GmbH<\/span><br \/><span style=\"color: #212121;\">HRB 201117 Amtsgericht Stadthagen<\/span><br \/><span style=\"color: #212121;\">vertreten durch Ihren Gesch\u00e4ftsf\u00fchrer: Holger Hartwig<\/span><br \/><span style=\"color: #212121;\">Telephone:\u00a0<\/span><a style=\"font-weight: 300;\" href=\"tel:+4957229547510\">+49 (0)5722 \/ 954751-0<\/a><br \/><span style=\"color: #212121;\">Fax\u00a0<\/span><a style=\"font-weight: 300;\" href=\"fax:+49 5722 95475122\">+49 (0)5722 \/ 954751-22<\/a><br \/><span style=\"color: #212121;\">E-Mail:\u00a0<\/span><a style=\"font-weight: 300;\" href=\"javascript:secureDecryptAndNavigate('\/5rxqRvpaz7BBEh6YDbuYLdvleKL\/JhvLBoAAyVuRh6Amlm7AAFTGHMyCQSUU\/US6FnGQbSPPzWyB7khvagF6xv6OY03w9miUMk=', 'e2bdf1546705aaf601fb98302053b89c4c853d96280dae3d7b4308bb4cfae8f3')\">inf&#111;&#64;&#102;&#97;&#105;&#114;&#109;a&#110;&#97;g&#101;&#114;.&#100;&#101;<\/a><\/p>\t\t\t\t\t\t\t\t<\/div>\n\t\t\t\t<\/div>\n\t\t\t\t\t<\/div>\n\t\t<\/div>\n\t\t\t\t\t<\/div>\n\t\t<\/section>\n\t\t\t\t<div class=\"elementor-element elementor-element-e503deb elementor-widget elementor-widget-text-editor\" data-id=\"e503deb\" data-element_type=\"widget\" data-e-type=\"widget\" data-widget_type=\"text-editor.default\">\n\t\t\t\t<div class=\"elementor-widget-container\">\n\t\t\t\t\t\t\t\t\t<p>Inhaltlich Verantwortliche gem\u00e4\u00df \u00a76 MDStV: Holger Hartwig<\/p>\t\t\t\t\t\t\t\t<\/div>\n\t\t\t\t<\/div>\n\t\t\t\t\t<\/div>\n\t\t<\/div>\n\t\t\t\t\t<\/div>\n\t\t<\/section>\n\t\t\t\t<section class=\"elementor-section elementor-top-section elementor-element elementor-element-f7fb86c elementor-section-boxed elementor-section-height-default elementor-section-height-default\" data-id=\"f7fb86c\" data-element_type=\"section\" data-e-type=\"section\">\n\t\t\t\t\t\t<div class=\"elementor-container elementor-column-gap-default\">\n\t\t\t\t\t<div class=\"elementor-column elementor-col-100 elementor-top-column elementor-element elementor-element-7fb323c\" data-id=\"7fb323c\" data-element_type=\"column\" data-e-type=\"column\">\n\t\t\t<div class=\"elementor-widget-wrap elementor-element-populated\">\n\t\t\t\t\t\t<div class=\"elementor-element elementor-element-5cdc89f elementor-widget elementor-widget-heading\" data-id=\"5cdc89f\" data-element_type=\"widget\" data-e-type=\"widget\" data-widget_type=\"heading.default\">\n\t\t\t\t<div class=\"elementor-widget-container\">\n\t\t\t\t\t<h2 class=\"elementor-heading-title elementor-size-default\">Nutzungsbedingungen<\/h2>\t\t\t\t<\/div>\n\t\t\t\t<\/div>\n\t\t\t\t<div class=\"elementor-element elementor-element-675facf elementor-widget elementor-widget-heading\" data-id=\"675facf\" data-element_type=\"widget\" data-e-type=\"widget\" data-widget_type=\"heading.default\">\n\t\t\t\t<div class=\"elementor-widget-container\">\n\t\t\t\t\t<h3 class=\"elementor-heading-title elementor-size-default\">EU-Streitschlichtung<\/h3>\t\t\t\t<\/div>\n\t\t\t\t<\/div>\n\t\t\t\t<div class=\"elementor-element elementor-element-9310d6f elementor-widget elementor-widget-text-editor\" data-id=\"9310d6f\" data-element_type=\"widget\" data-e-type=\"widget\" data-widget_type=\"text-editor.default\">\n\t\t\t\t<div class=\"elementor-widget-container\">\n\t\t\t\t\t\t\t\t\t<p>Die Europ\u00e4ische Kommission stellt eine Plattform zur Online-Streitbeilegung (OS) bereit:\u00a0<a href=\"https:\/\/ec.europa.eu\/consumers\/odr\/main\/index.cfm?event=main.home2.show&amp;lng=DE\">Online-Streitbeilegung | Europ\u00e4ische Kommission (europa.eu)<\/a>.<\/p>\t\t\t\t\t\t\t\t<\/div>\n\t\t\t\t<\/div>\n\t\t\t\t<div class=\"elementor-element elementor-element-cfda1ec elementor-widget elementor-widget-heading\" data-id=\"cfda1ec\" data-element_type=\"widget\" data-e-type=\"widget\" data-widget_type=\"heading.default\">\n\t\t\t\t<div class=\"elementor-widget-container\">\n\t\t\t\t\t<h3 class=\"elementor-heading-title elementor-size-default\">Verbraucher\u00adstreit\u00adbeilegung \/ Universal\u00adschlichtungs\u00adstelle<\/h3>\t\t\t\t<\/div>\n\t\t\t\t<\/div>\n\t\t\t\t<div class=\"elementor-element elementor-element-0f77df7 elementor-widget elementor-widget-text-editor\" data-id=\"0f77df7\" data-element_type=\"widget\" data-e-type=\"widget\" data-widget_type=\"text-editor.default\">\n\t\t\t\t<div class=\"elementor-widget-container\">\n\t\t\t\t\t\t\t\t\t<p>Wir sind nicht bereit oder verpflichtet, an Streitbeilegungsverfahren vor einer Verbraucherschlichtungsstelle teilzunehmen.<\/p>\t\t\t\t\t\t\t\t<\/div>\n\t\t\t\t<\/div>\n\t\t\t\t<div class=\"elementor-element elementor-element-fe1e436 elementor-widget elementor-widget-heading\" data-id=\"fe1e436\" data-element_type=\"widget\" data-e-type=\"widget\" data-widget_type=\"heading.default\">\n\t\t\t\t<div class=\"elementor-widget-container\">\n\t\t\t\t\t<h3 class=\"elementor-heading-title elementor-size-default\">Haftung \/ Disclaimer<\/h3>\t\t\t\t<\/div>\n\t\t\t\t<\/div>\n\t\t\t\t<div class=\"elementor-element elementor-element-be5f8f5 elementor-widget elementor-widget-text-editor\" data-id=\"be5f8f5\" data-element_type=\"widget\" data-e-type=\"widget\" data-widget_type=\"text-editor.default\">\n\t\t\t\t<div class=\"elementor-widget-container\">\n\t\t\t\t\t\t\t\t\t<p>Der Anbieter ist f\u00fcr die in seinem Angebot zur Nutzung bereit gehaltenen Inhalte nach den allgemeinen Gesetzen unter Ber\u00fccksichtigung der nachfolgenden Bestimmungen selbst und alleine verantwortlich.<\/p><p>Der Anbieter bem\u00fcht sich im Rahmen des Zumutbaren \u00fcber die von ihm bereit gehaltene Internetpr\u00e4senz richtige und vollst\u00e4ndige Informationen zur Verf\u00fcgung zu stellen.<\/p><p>In der Internetpr\u00e4senz werden unverbindlich Produkte vorgestellt und Produktinformationen mitgeteilt. Diese Informationen stellen insbesondere keine Eigenschaftszusicherungen dar. Verbindliche Informationen werden ausschlie\u00dflich auf Nachfrage durch die jeweils zust\u00e4ndigen Mitarbeiter\/in des Anbieters oder durch Vertriebspartner des Anbieters erteilt. Ein zust\u00e4ndiger Ansprechpartner kann nach Mail-Anfrage an folgende E-Mail-Adresse mitgeteilt werden:\u00a0<a>&#105;&#110;&#102;&#111;&#64;ha&#114;t&#98;urg.&#100;e<\/a><\/p><p>Der Anbieter \u00fcbernimmt keine Haftung oder Garantien f\u00fcr die Aktualit\u00e4t, Richtigkeit und Vollst\u00e4ndigkeit der auf seiner Internetpr\u00e4senz bereitgestellten Informationen.<br \/>Der Anbieter beh\u00e4lt sich das Recht vor, ohne vorherige Ank\u00fcndigung \u00c4nderungen oder Erg\u00e4nzungen der bereitgestellten Informationen vorzunehmen.<\/p><p>Der Anbieter haftet nicht f\u00fcr direkte oder indirekte Sch\u00e4den, einschlie\u00dflich entgangenen Gewinns, der aufgrund von oder sonstwie in Verbindung mit Informationen entstehen, die auf seiner Internetpr\u00e4senz bereitgehalten werden.<\/p>\t\t\t\t\t\t\t\t<\/div>\n\t\t\t\t<\/div>\n\t\t\t\t<div class=\"elementor-element elementor-element-79ed966 elementor-widget elementor-widget-heading\" data-id=\"79ed966\" data-element_type=\"widget\" data-e-type=\"widget\" data-widget_type=\"heading.default\">\n\t\t\t\t<div class=\"elementor-widget-container\">\n\t\t\t\t\t<h3 class=\"elementor-heading-title elementor-size-default\">Urheberrecht \/ Marken\n<\/h3>\t\t\t\t<\/div>\n\t\t\t\t<\/div>\n\t\t\t\t<div class=\"elementor-element elementor-element-c48afdd elementor-widget elementor-widget-text-editor\" data-id=\"c48afdd\" data-element_type=\"widget\" data-e-type=\"widget\" data-widget_type=\"text-editor.default\">\n\t\t\t\t<div class=\"elementor-widget-container\">\n\t\t\t\t\t\t\t\t\t<p>Der Inhalt dieser Netzpr\u00e4senz ist urheberrechtlich gesch\u00fctzt. Bis zum Beweis des Gegenteils stehen s\u00e4mtliche Nutzungsrechte an der Netzpr\u00e4senz und den bereitgehaltenen Inhalten dem Anbieter zu. S\u00e4mtliche Rechte sind vorbehalten.<\/p><p>Jedem Nutzer der Pr\u00e4senz wird das Recht einger\u00e4umt, auf der Pr\u00e4senz bereitgestellte Texte, Bilder und Grafiken ganz oder ausschnittweise zu speichern und zu vervielf\u00e4ltigen, soweit \u00fcbernommener Inhalt deutlich mit einem auf die Rechte des Anbieters verweisenden Zusatz versehen wird.<\/p><p>Die in der Internetpr\u00e4senz des Anbieters verwendeten Produktbezeichnungen, Logos und Unternehmenszeichen sind kennzeichenrechtlich gesch\u00fctzt.<\/p>\t\t\t\t\t\t\t\t<\/div>\n\t\t\t\t<\/div>\n\t\t\t\t\t<\/div>\n\t\t<\/div>\n\t\t\t\t\t<\/div>\n\t\t<\/section>\n\t\t\t\t<\/div>","protected":false},"excerpt":{"rendered":"<p>Die nachfolgenden Hinweise gelten f\u00fcr den Zugriff auf und die Nutzung der auf der Internetpr\u00e4senz www.fairmanager.de angebotenen Informationen und Materialien. Impressum Hartburg GmbH &amp; Co. [&hellip;]<\/p>\n","protected":false},"author":7,"featured_media":56,"parent":0,"menu_order":99,"comment_status":"closed","ping_status":"closed","template":"","meta":{"_acf_changed":false,"site-sidebar-layout":"default","site-content-layout":"default","ast-site-content-layout":"default","site-content-style":"default","site-sidebar-style":"default","ast-global-header-display":"","ast-banner-title-visibility":"","ast-main-header-display":"","ast-hfb-above-header-display":"","ast-hfb-below-header-display":"","ast-hfb-mobile-header-display":"","site-post-title":"","ast-breadcrumbs-content":"","ast-featured-img":"","footer-sml-layout":"","ast-disable-related-posts":"","theme-transparent-header-meta":"default","adv-header-id-meta":"","stick-header-meta":"default","header-above-stick-meta":"","header-main-stick-meta":"","header-below-stick-meta":"","astra-migrate-meta-layouts":"default","ast-page-background-enabled":"default","ast-page-background-meta":{"desktop":{"background-color":"","background-image":"","background-repeat":"repeat","background-position":"center center","background-size":"auto","background-attachment":"scroll","background-type":"","background-media":"","overlay-type":"","overlay-color":"","overlay-opacity":"","overlay-gradient":""},"tablet":{"background-color":"","background-image":"","background-repeat":"repeat","background-position":"center center","background-size":"auto","background-attachment":"scroll","background-type":"","background-media":"","overlay-type":"","overlay-color":"","overlay-opacity":"","overlay-gradient":""},"mobile":{"background-color":"","background-image":"","background-repeat":"repeat","background-position":"center center","background-size":"auto","background-attachment":"scroll","background-type":"","background-media":"","overlay-type":"","overlay-color":"","overlay-opacity":"","overlay-gradient":""}},"ast-content-background-meta":{"desktop":{"background-color":"var(--ast-global-color-5)","background-image":"","background-repeat":"repeat","background-position":"center center","background-size":"auto","background-attachment":"scroll","background-type":"","background-media":"","overlay-type":"","overlay-color":"","overlay-opacity":"","overlay-gradient":""},"tablet":{"background-color":"var(--ast-global-color-5)","background-image":"","background-repeat":"repeat","background-position":"center center","background-size":"auto","background-attachment":"scroll","background-type":"","background-media":"","overlay-type":"","overlay-color":"","overlay-opacity":"","overlay-gradient":""},"mobile":{"background-color":"var(--ast-global-color-5)","background-image":"","background-repeat":"repeat","background-position":"center center","background-size":"auto","background-attachment":"scroll","background-type":"","background-media":"","overlay-type":"","overlay-color":"","overlay-opacity":"","overlay-gradient":""}},"footnotes":""},"class_list":["post-75","page","type-page","status-publish","has-post-thumbnail","hentry"],"acf":[],"yoast_head":"<!-- This site is optimized with the Yoast SEO Premium plugin v27.2 (Yoast SEO v27.4) - https:\/\/yoast.com\/product\/yoast-seo-premium-wordpress\/ -->\n<title>Impressum - FairManager<\/title>\n<meta name=\"robots\" content=\"index, follow, max-snippet:-1, max-image-preview:large, max-video-preview:-1\" \/>\n<link rel=\"canonical\" href=\"https:\/\/fairmanager.de\/en\/impressum\/\" \/>\n<meta property=\"og:locale\" content=\"en_GB\" \/>\n<meta property=\"og:type\" content=\"article\" \/>\n<meta property=\"og:title\" content=\"Impressum\" \/>\n<meta property=\"og:description\" content=\"Die nachfolgenden Hinweise gelten f\u00fcr den Zugriff auf und die Nutzung der auf der Internetpr\u00e4senz www.fairmanager.de angebotenen Informationen und Materialien. Impressum Hartburg GmbH &amp; Co. [&hellip;]\" \/>\n<meta property=\"og:url\" content=\"https:\/\/fairmanager.de\/en\/impressum\/\" \/>\n<meta property=\"og:site_name\" content=\"FairManager\" \/>\n<meta property=\"article:publisher\" content=\"https:\/\/www.facebook.com\/FairManager\" \/>\n<meta property=\"article:modified_time\" content=\"2026-01-22T08:48:35+00:00\" \/>\n<meta property=\"og:image\" content=\"https:\/\/fairmanager.de\/wp-content\/uploads\/2017\/08\/bg-start.jpg\" \/>\n\t<meta property=\"og:image:width\" content=\"1560\" \/>\n\t<meta property=\"og:image:height\" content=\"937\" \/>\n\t<meta property=\"og:image:type\" content=\"image\/jpeg\" \/>\n<meta name=\"twitter:card\" content=\"summary_large_image\" \/>\n<meta name=\"twitter:label1\" content=\"Estimated reading time\" \/>\n\t<meta name=\"twitter:data1\" content=\"2 minutes\" \/>\n<script type=\"application\/ld+json\" class=\"yoast-schema-graph\">{\"@context\":\"https:\\\/\\\/schema.org\",\"@graph\":[{\"@type\":\"WebPage\",\"@id\":\"https:\\\/\\\/fairmanager.de\\\/impressum\\\/\",\"url\":\"https:\\\/\\\/fairmanager.de\\\/impressum\\\/\",\"name\":\"Impressum - FairManager\",\"isPartOf\":{\"@id\":\"https:\\\/\\\/fairmanager.de\\\/#website\"},\"primaryImageOfPage\":{\"@id\":\"https:\\\/\\\/fairmanager.de\\\/impressum\\\/#primaryimage\"},\"image\":{\"@id\":\"https:\\\/\\\/fairmanager.de\\\/impressum\\\/#primaryimage\"},\"thumbnailUrl\":\"https:\\\/\\\/fairmanager.de\\\/wp-content\\\/uploads\\\/2017\\\/08\\\/bg-start.jpg\",\"datePublished\":\"2017-08-22T07:26:42+00:00\",\"dateModified\":\"2026-01-22T08:48:35+00:00\",\"breadcrumb\":{\"@id\":\"https:\\\/\\\/fairmanager.de\\\/impressum\\\/#breadcrumb\"},\"inLanguage\":\"en-GB\",\"potentialAction\":[{\"@type\":\"ReadAction\",\"target\":[\"https:\\\/\\\/fairmanager.de\\\/impressum\\\/\"]}]},{\"@type\":\"ImageObject\",\"inLanguage\":\"en-GB\",\"@id\":\"https:\\\/\\\/fairmanager.de\\\/impressum\\\/#primaryimage\",\"url\":\"https:\\\/\\\/fairmanager.de\\\/wp-content\\\/uploads\\\/2017\\\/08\\\/bg-start.jpg\",\"contentUrl\":\"https:\\\/\\\/fairmanager.de\\\/wp-content\\\/uploads\\\/2017\\\/08\\\/bg-start.jpg\",\"width\":1560,\"height\":937,\"caption\":\"FairManager Messestand Management - Rufsystem f\u00fcr Ihre Infotheke\"},{\"@type\":\"BreadcrumbList\",\"@id\":\"https:\\\/\\\/fairmanager.de\\\/impressum\\\/#breadcrumb\",\"itemListElement\":[{\"@type\":\"ListItem\",\"position\":1,\"name\":\"Startseite\",\"item\":\"https:\\\/\\\/fairmanager.de\\\/\"},{\"@type\":\"ListItem\",\"position\":2,\"name\":\"Impressum\"}]},{\"@type\":\"WebSite\",\"@id\":\"https:\\\/\\\/fairmanager.de\\\/#website\",\"url\":\"https:\\\/\\\/fairmanager.de\\\/\",\"name\":\"FairManager\",\"description\":\"Messeorganisation par excellence!\",\"publisher\":{\"@id\":\"https:\\\/\\\/fairmanager.de\\\/#organization\"},\"potentialAction\":[{\"@type\":\"SearchAction\",\"target\":{\"@type\":\"EntryPoint\",\"urlTemplate\":\"https:\\\/\\\/fairmanager.de\\\/?s={search_term_string}\"},\"query-input\":{\"@type\":\"PropertyValueSpecification\",\"valueRequired\":true,\"valueName\":\"search_term_string\"}}],\"inLanguage\":\"en-GB\"},{\"@type\":\"Organization\",\"@id\":\"https:\\\/\\\/fairmanager.de\\\/#organization\",\"name\":\"FairManager\",\"url\":\"https:\\\/\\\/fairmanager.de\\\/\",\"logo\":{\"@type\":\"ImageObject\",\"inLanguage\":\"en-GB\",\"@id\":\"https:\\\/\\\/fairmanager.de\\\/#\\\/schema\\\/logo\\\/image\\\/\",\"url\":\"https:\\\/\\\/fairmanager.de\\\/wp-content\\\/uploads\\\/2017\\\/10\\\/logo_dark_transparent_720x200.png\",\"contentUrl\":\"https:\\\/\\\/fairmanager.de\\\/wp-content\\\/uploads\\\/2017\\\/10\\\/logo_dark_transparent_720x200.png\",\"width\":720,\"height\":200,\"caption\":\"FairManager\"},\"image\":{\"@id\":\"https:\\\/\\\/fairmanager.de\\\/#\\\/schema\\\/logo\\\/image\\\/\"},\"sameAs\":[\"https:\\\/\\\/www.facebook.com\\\/FairManager\",\"https:\\\/\\\/www.linkedin.com\\\/company\\\/fairmanager\\\/\",\"https:\\\/\\\/www.youtube.com\\\/channel\\\/UCsx8T4w_D2iBOGQtqY2EV_Q\"]}]}<\/script>\n<!-- \/ Yoast SEO Premium plugin. -->","yoast_head_json":{"title":"Impressum - FairManager","robots":{"index":"index","follow":"follow","max-snippet":"max-snippet:-1","max-image-preview":"max-image-preview:large","max-video-preview":"max-video-preview:-1"},"canonical":"https:\/\/fairmanager.de\/en\/impressum\/","og_locale":"en_GB","og_type":"article","og_title":"Impressum","og_description":"Die nachfolgenden Hinweise gelten f\u00fcr den Zugriff auf und die Nutzung der auf der Internetpr\u00e4senz www.fairmanager.de angebotenen Informationen und Materialien. Impressum Hartburg GmbH &amp; Co. [&hellip;]","og_url":"https:\/\/fairmanager.de\/en\/impressum\/","og_site_name":"FairManager","article_publisher":"https:\/\/www.facebook.com\/FairManager","article_modified_time":"2026-01-22T08:48:35+00:00","og_image":[{"width":1560,"height":937,"url":"https:\/\/fairmanager.de\/wp-content\/uploads\/2017\/08\/bg-start.jpg","type":"image\/jpeg"}],"twitter_card":"summary_large_image","twitter_misc":{"Estimated reading time":"2 minutes"},"schema":{"@context":"https:\/\/schema.org","@graph":[{"@type":"WebPage","@id":"https:\/\/fairmanager.de\/impressum\/","url":"https:\/\/fairmanager.de\/impressum\/","name":"Impressum - FairManager","isPartOf":{"@id":"https:\/\/fairmanager.de\/#website"},"primaryImageOfPage":{"@id":"https:\/\/fairmanager.de\/impressum\/#primaryimage"},"image":{"@id":"https:\/\/fairmanager.de\/impressum\/#primaryimage"},"thumbnailUrl":"https:\/\/fairmanager.de\/wp-content\/uploads\/2017\/08\/bg-start.jpg","datePublished":"2017-08-22T07:26:42+00:00","dateModified":"2026-01-22T08:48:35+00:00","breadcrumb":{"@id":"https:\/\/fairmanager.de\/impressum\/#breadcrumb"},"inLanguage":"en-GB","potentialAction":[{"@type":"ReadAction","target":["https:\/\/fairmanager.de\/impressum\/"]}]},{"@type":"ImageObject","inLanguage":"en-GB","@id":"https:\/\/fairmanager.de\/impressum\/#primaryimage","url":"https:\/\/fairmanager.de\/wp-content\/uploads\/2017\/08\/bg-start.jpg","contentUrl":"https:\/\/fairmanager.de\/wp-content\/uploads\/2017\/08\/bg-start.jpg","width":1560,"height":937,"caption":"FairManager Messestand Management - Rufsystem f\u00fcr Ihre Infotheke"},{"@type":"BreadcrumbList","@id":"https:\/\/fairmanager.de\/impressum\/#breadcrumb","itemListElement":[{"@type":"ListItem","position":1,"name":"Startseite","item":"https:\/\/fairmanager.de\/"},{"@type":"ListItem","position":2,"name":"Impressum"}]},{"@type":"WebSite","@id":"https:\/\/fairmanager.de\/#website","url":"https:\/\/fairmanager.de\/","name":"FairManager","description":"Messeorganisation par excellence!","publisher":{"@id":"https:\/\/fairmanager.de\/#organization"},"potentialAction":[{"@type":"SearchAction","target":{"@type":"EntryPoint","urlTemplate":"https:\/\/fairmanager.de\/?s={search_term_string}"},"query-input":{"@type":"PropertyValueSpecification","valueRequired":true,"valueName":"search_term_string"}}],"inLanguage":"en-GB"},{"@type":"Organization","@id":"https:\/\/fairmanager.de\/#organization","name":"FairManager","url":"https:\/\/fairmanager.de\/","logo":{"@type":"ImageObject","inLanguage":"en-GB","@id":"https:\/\/fairmanager.de\/#\/schema\/logo\/image\/","url":"https:\/\/fairmanager.de\/wp-content\/uploads\/2017\/10\/logo_dark_transparent_720x200.png","contentUrl":"https:\/\/fairmanager.de\/wp-content\/uploads\/2017\/10\/logo_dark_transparent_720x200.png","width":720,"height":200,"caption":"FairManager"},"image":{"@id":"https:\/\/fairmanager.de\/#\/schema\/logo\/image\/"},"sameAs":["https:\/\/www.facebook.com\/FairManager","https:\/\/www.linkedin.com\/company\/fairmanager\/","https:\/\/www.youtube.com\/channel\/UCsx8T4w_D2iBOGQtqY2EV_Q"]}]}},"_links":{"self":[{"href":"https:\/\/fairmanager.de\/en\/wp-json\/wp\/v2\/pages\/75","targetHints":{"allow":["GET"]}}],"collection":[{"href":"https:\/\/fairmanager.de\/en\/wp-json\/wp\/v2\/pages"}],"about":[{"href":"https:\/\/fairmanager.de\/en\/wp-json\/wp\/v2\/types\/page"}],"author":[{"embeddable":true,"href":"https:\/\/fairmanager.de\/en\/wp-json\/wp\/v2\/users\/7"}],"replies":[{"embeddable":true,"href":"https:\/\/fairmanager.de\/en\/wp-json\/wp\/v2\/comments?post=75"}],"version-history":[{"count":72,"href":"https:\/\/fairmanager.de\/en\/wp-json\/wp\/v2\/pages\/75\/revisions"}],"predecessor-version":[{"id":31984,"href":"https:\/\/fairmanager.de\/en\/wp-json\/wp\/v2\/pages\/75\/revisions\/31984"}],"wp:featuredmedia":[{"embeddable":true,"href":"https:\/\/fairmanager.de\/en\/wp-json\/wp\/v2\/media\/56"}],"wp:attachment":[{"href":"https:\/\/fairmanager.de\/en\/wp-json\/wp\/v2\/media?parent=75"}],"curies":[{"name":"wp","href":"https:\/\/api.w.org\/{rel}","templated":true}]}}